{"id":365,"date":"2022-08-17T08:23:46","date_gmt":"2022-08-17T08:23:46","guid":{"rendered":"https:\/\/dp-consulting.com.vn\/?page_id=365"},"modified":"2023-08-10T06:36:56","modified_gmt":"2023-08-10T06:36:56","slug":"gas-generator-sets","status":"publish","type":"page","link":"https:\/\/dp-consulting.com.vn\/vi\/gas-generator-sets\/","title":{"rendered":"T\u1ed5 M\u00e1y Ph\u00e1t \u0110i\u1ec7n Gas"},"content":{"rendered":"","protected":false},"excerpt":{"rendered":"","protected":false},"author":1,"featured_media":0,"parent":0,"menu_order":0,"comment_status":"closed","ping_status":"closed","template":"gas_generator_sets.php","meta":{"footnotes":""},"class_list":["post-365","page","type-page","status-publish","hentry"],"acf":[],"yoast_head":"<!-- This site is optimized with the Yoast SEO plugin v24.2 - https:\/\/yoast.com\/wordpress\/plugins\/seo\/ -->\n<title>Gas Generator sets - DP-Consulting JSC<\/title>\n<meta name=\"robots\" content=\"index, follow, max-snippet:-1, max-image-preview:large, max-video-preview:-1\" \/>\n<link rel=\"canonical\" href=\"https:\/\/dp-consulting.com.vn\/vi\/gas-generator-sets\/\" \/>\n<meta property=\"og:locale\" content=\"vi_VN\" \/>\n<meta property=\"og:type\" content=\"article\" \/>\n<meta property=\"og:title\" content=\"Gas Generator sets - DP-Consulting JSC\" \/>\n<meta property=\"og:url\" content=\"https:\/\/dp-consulting.com.vn\/vi\/gas-generator-sets\/\" \/>\n<meta property=\"og:site_name\" content=\"DP-Consulting JSC\" \/>\n<meta property=\"article:modified_time\" content=\"2023-08-10T06:36:56+00:00\" \/>\n<meta name=\"twitter:card\" content=\"summary_large_image\" \/>\n<script type=\"application\/ld+json\" class=\"yoast-schema-graph\">{\"@context\":\"https:\/\/schema.org\",\"@graph\":[{\"@type\":\"WebPage\",\"@id\":\"https:\/\/dp-consulting.com.vn\/gas-generator-sets\/\",\"url\":\"https:\/\/dp-consulting.com.vn\/gas-generator-sets\/\",\"name\":\"Gas Generator sets - DP-Consulting JSC\",\"isPartOf\":{\"@id\":\"https:\/\/dp-consulting.com.vn\/#website\"},\"datePublished\":\"2022-08-17T08:23:46+00:00\",\"dateModified\":\"2023-08-10T06:36:56+00:00\",\"breadcrumb\":{\"@id\":\"https:\/\/dp-consulting.com.vn\/gas-generator-sets\/#breadcrumb\"},\"inLanguage\":\"vi\",\"potentialAction\":[{\"@type\":\"ReadAction\",\"target\":[\"https:\/\/dp-consulting.com.vn\/gas-generator-sets\/\"]}]},{\"@type\":\"BreadcrumbList\",\"@id\":\"https:\/\/dp-consulting.com.vn\/gas-generator-sets\/#breadcrumb\",\"itemListElement\":[{\"@type\":\"ListItem\",\"position\":1,\"name\":\"Home\",\"item\":\"https:\/\/dp-consulting.com.vn\/\"},{\"@type\":\"ListItem\",\"position\":2,\"name\":\"Gas Generator sets\"}]},{\"@type\":\"WebSite\",\"@id\":\"https:\/\/dp-consulting.com.vn\/#website\",\"url\":\"https:\/\/dp-consulting.com.vn\/\",\"name\":\"DP-Consulting JSC\",\"description\":\"Much more than you expect\",\"publisher\":{\"@id\":\"https:\/\/dp-consulting.com.vn\/#organization\"},\"potentialAction\":[{\"@type\":\"SearchAction\",\"target\":{\"@type\":\"EntryPoint\",\"urlTemplate\":\"https:\/\/dp-consulting.com.vn\/?s={search_term_string}\"},\"query-input\":{\"@type\":\"PropertyValueSpecification\",\"valueRequired\":true,\"valueName\":\"search_term_string\"}}],\"inLanguage\":\"vi\"},{\"@type\":\"Organization\",\"@id\":\"https:\/\/dp-consulting.com.vn\/#organization\",\"name\":\"DP-Consulting JSC\",\"url\":\"https:\/\/dp-consulting.com.vn\/\",\"logo\":{\"@type\":\"ImageObject\",\"inLanguage\":\"vi\",\"@id\":\"https:\/\/dp-consulting.com.vn\/#\/schema\/logo\/image\/\",\"url\":\"https:\/\/dp-consulting.com.vn\/wp-content\/uploads\/2022\/09\/logo-dp-cover-social.jpg\",\"contentUrl\":\"https:\/\/dp-consulting.com.vn\/wp-content\/uploads\/2022\/09\/logo-dp-cover-social.jpg\",\"width\":800,\"height\":420,\"caption\":\"DP-Consulting JSC\"},\"image\":{\"@id\":\"https:\/\/dp-consulting.com.vn\/#\/schema\/logo\/image\/\"}}]}<\/script>\n<!-- \/ Yoast SEO plugin. -->","yoast_head_json":{"title":"Gas Generator sets - DP-Consulting JSC","robots":{"index":"index","follow":"follow","max-snippet":"max-snippet:-1","max-image-preview":"max-image-preview:large","max-video-preview":"max-video-preview:-1"},"canonical":"https:\/\/dp-consulting.com.vn\/vi\/gas-generator-sets\/","og_locale":"vi_VN","og_type":"article","og_title":"Gas Generator sets - DP-Consulting JSC","og_url":"https:\/\/dp-consulting.com.vn\/vi\/gas-generator-sets\/","og_site_name":"DP-Consulting JSC","article_modified_time":"2023-08-10T06:36:56+00:00","twitter_card":"summary_large_image","schema":{"@context":"https:\/\/schema.org","@graph":[{"@type":"WebPage","@id":"https:\/\/dp-consulting.com.vn\/gas-generator-sets\/","url":"https:\/\/dp-consulting.com.vn\/gas-generator-sets\/","name":"Gas Generator sets - DP-Consulting JSC","isPartOf":{"@id":"https:\/\/dp-consulting.com.vn\/#website"},"datePublished":"2022-08-17T08:23:46+00:00","dateModified":"2023-08-10T06:36:56+00:00","breadcrumb":{"@id":"https:\/\/dp-consulting.com.vn\/gas-generator-sets\/#breadcrumb"},"inLanguage":"vi","potentialAction":[{"@type":"ReadAction","target":["https:\/\/dp-consulting.com.vn\/gas-generator-sets\/"]}]},{"@type":"BreadcrumbList","@id":"https:\/\/dp-consulting.com.vn\/gas-generator-sets\/#breadcrumb","itemListElement":[{"@type":"ListItem","position":1,"name":"Home","item":"https:\/\/dp-consulting.com.vn\/"},{"@type":"ListItem","position":2,"name":"Gas Generator sets"}]},{"@type":"WebSite","@id":"https:\/\/dp-consulting.com.vn\/#website","url":"https:\/\/dp-consulting.com.vn\/","name":"DP-Consulting JSC","description":"Much more than you expect","publisher":{"@id":"https:\/\/dp-consulting.com.vn\/#organization"},"potentialAction":[{"@type":"SearchAction","target":{"@type":"EntryPoint","urlTemplate":"https:\/\/dp-consulting.com.vn\/?s={search_term_string}"},"query-input":{"@type":"PropertyValueSpecification","valueRequired":true,"valueName":"search_term_string"}}],"inLanguage":"vi"},{"@type":"Organization","@id":"https:\/\/dp-consulting.com.vn\/#organization","name":"DP-Consulting JSC","url":"https:\/\/dp-consulting.com.vn\/","logo":{"@type":"ImageObject","inLanguage":"vi","@id":"https:\/\/dp-consulting.com.vn\/#\/schema\/logo\/image\/","url":"https:\/\/dp-consulting.com.vn\/wp-content\/uploads\/2022\/09\/logo-dp-cover-social.jpg","contentUrl":"https:\/\/dp-consulting.com.vn\/wp-content\/uploads\/2022\/09\/logo-dp-cover-social.jpg","width":800,"height":420,"caption":"DP-Consulting JSC"},"image":{"@id":"https:\/\/dp-consulting.com.vn\/#\/schema\/logo\/image\/"}}]}},"_links":{"self":[{"href":"https:\/\/dp-consulting.com.vn\/vi\/wp-json\/wp\/v2\/pages\/365","targetHints":{"allow":["GET"]}}],"collection":[{"href":"https:\/\/dp-consulting.com.vn\/vi\/wp-json\/wp\/v2\/pages"}],"about":[{"href":"https:\/\/dp-consulting.com.vn\/vi\/wp-json\/wp\/v2\/types\/page"}],"author":[{"embeddable":true,"href":"https:\/\/dp-consulting.com.vn\/vi\/wp-json\/wp\/v2\/users\/1"}],"replies":[{"embeddable":true,"href":"https:\/\/dp-consulting.com.vn\/vi\/wp-json\/wp\/v2\/comments?post=365"}],"version-history":[{"count":19,"href":"https:\/\/dp-consulting.com.vn\/vi\/wp-json\/wp\/v2\/pages\/365\/revisions"}],"predecessor-version":[{"id":2933,"href":"https:\/\/dp-consulting.com.vn\/vi\/wp-json\/wp\/v2\/pages\/365\/revisions\/2933"}],"wp:attachment":[{"href":"https:\/\/dp-consulting.com.vn\/vi\/wp-json\/wp\/v2\/media?parent=365"}],"curies":[{"name":"wp","href":"https:\/\/api.w.org\/{rel}","templated":true}]}}