{"id":3340,"date":"2024-10-25T09:51:59","date_gmt":"2024-10-25T09:51:59","guid":{"rendered":"https:\/\/dp-consulting.com.vn\/?page_id=3340"},"modified":"2024-11-02T04:16:43","modified_gmt":"2024-11-02T04:16:43","slug":"marine-transmissions","status":"publish","type":"page","link":"https:\/\/dp-consulting.com.vn\/vi\/marine-transmissions\/","title":{"rendered":"Marine Transmissions"},"content":{"rendered":"<figure class=\"wp-block-image size-full\"><img loading=\"lazy\" decoding=\"async\" width=\"1319\" height=\"651\" src=\"https:\/\/dp-consulting.com.vn\/wp-content\/uploads\/2024\/11\/screenshot_1730520626.png\" alt=\"\" class=\"wp-image-3395\" srcset=\"https:\/\/dp-consulting.com.vn\/wp-content\/uploads\/2024\/11\/screenshot_1730520626.png 1319w, https:\/\/dp-consulting.com.vn\/wp-content\/uploads\/2024\/11\/screenshot_1730520626-768x379.png 768w, https:\/\/dp-consulting.com.vn\/wp-content\/uploads\/2024\/11\/screenshot_1730520626-18x9.png 18w\" sizes=\"auto, (max-width: 1319px) 100vw, 1319px\" \/><\/figure>\n\n\n\n<p><strong>S\u1ea3n ph\u1ea9m d\u00e0nh cho h\u1ec7 th\u1ed1ng \u0110\u1ea9y trong h\u00e0ng h\u1ea3i\nM\u1ea1nh m\u1ebd \u0111\u1ed1i v\u1edbi m\u1ecdi \u1ee9ng d\u1ee5ng.<\/strong><\/p>\n\n\n\n<p>Kinh nghi\u1ec7m h\u00e0ng th\u1eadp k\u1ef7 trong vi\u1ec7c thi\u1ebft k\u1ebf v\u00e0\nph\u00e1t tri\u1ec3n h\u1ec7 th\u1ed1ng \u0111\u1ed9ng c\u01a1 \u0111\u1ea9y t\u1ed1c \u0111\u1ed9 cao h\u00e0ng h\u1ea3i\ncho t\u00e0u th\u01b0\u01a1ng m\u1ea1i v\u00e0 t\u00e0u nhanh cho ph\u00e9p ZF cung\nc\u1ea5p c\u00f4ng ngh\u1ec7 \u0111\u1ed9ng c\u01a1 l\u1ef1c \u0111\u1ea9y h\u00e0ng \u0111\u1ea7u th\u1ebf gi\u1edbi.<\/p>\n\n\n\n<p>ZF l\u00e0 nh\u00e0 cung c\u1ea5p c\u00e1c h\u1ed9p s\u1ed1 nh\u1ecf g\u1ecdn, hi\u1ec7u\nsu\u1ea5t cao, b\u1ed9 truy\u1ec1n \u0111\u1ed9ng b\u1ec1 m\u1eb7t, ch\u00e2n v\u1ecbt b\u1ea7u\nxoay, ch\u00e2n v\u1ecbt \u0111\u1ea1o l\u01b0u v\u00e0 h\u1ec7 th\u1ed1ng \u0111i\u1ec1u khi\u1ec3n.\nC\u00f3 s\u1eb5n nhi\u1ec1u t\u1ef7 s\u1ed1 truy\u1ec1n ho\u00e0n to\u00e0n ph\u00f9 h\u1ee3p\nv\u1edbi \u0111\u1ed9ng c\u01a1 diesel t\u1ed1c \u0111\u1ed9 trung b\u00ecnh v\u00e0 t\u1ed1c \u0111\u1ed9\ncao hi\u1ec7n nay.<\/p>\n\n\n\n<p>C\u00f4ng ngh\u1ec7 \u0111\u1ed9ng l\u1ef1c h\u00e0ng h\u1ea3i ZF \u0111\u01b0\u1ee3c \u0111i\u1ec1u ch\u1ec9nh\nt\u1ed1i \u01b0u theo y\u00eau c\u1ea7u c\u1ee7a kh\u00e1ch h\u00e0ng v\u1ec1 v\u1eadn chuy\u1ec3n\nth\u01b0\u01a1ng m\u1ea1i v\u00e0 v\u1eadn chuy\u1ec3n nhanh. T\u1eadp trung v\u00e0o\nc\u00e1c gi\u1ea3i ph\u00e1p thi\u1ebft k\u1ebf th\u00f4ng minh, ch\u1ea5t l\u01b0\u1ee3ng cao\nv\u00e0 d\u1ecbch v\u1ee5 ri\u00eang l\u1ebb \u0111\u1ec3 \u0111\u1ea3m b\u1ea3o th\u1eddi gian ng\u1eebng\nho\u1ea1t \u0111\u1ed9ng t\u1ed1i thi\u1ec3u v\u00e0 chi ph\u00ed v\u00f2ng \u0111\u1eddi th\u1ea5p.<\/p>\n\n\n\n<figure class=\"wp-block-image size-full\"><img loading=\"lazy\" decoding=\"async\" width=\"1510\" height=\"722\" src=\"https:\/\/dp-consulting.com.vn\/wp-content\/uploads\/2024\/11\/screenshot_1730520823.png\" alt=\"\" class=\"wp-image-3397\" srcset=\"https:\/\/dp-consulting.com.vn\/wp-content\/uploads\/2024\/11\/screenshot_1730520823.png 1510w, https:\/\/dp-consulting.com.vn\/wp-content\/uploads\/2024\/11\/screenshot_1730520823-768x367.png 768w, https:\/\/dp-consulting.com.vn\/wp-content\/uploads\/2024\/11\/screenshot_1730520823-18x9.png 18w\" sizes=\"auto, (max-width: 1510px) 100vw, 1510px\" \/><\/figure>\n\n\n\n<h3 class=\"wp-block-heading\">Ch\u00e0o m\u1eebng \u0111\u1ebfn v\u1edbi ZF<\/h3>\n\n\n\n<p>ZF l\u00e0 c\u00f4ng ty c\u00f4ng ngh\u1ec7 to\u00e0n c\u1ea7u cung c\u1ea5p c\u00e1c s\u1ea3n\nph\u1ea9m v\u00e0 h\u1ec7 th\u1ed1ng di chuy\u1ec3n ti\u00ean ti\u1ebfn cho xe kh\u00e1ch,\nxe th\u01b0\u01a1ng m\u1ea1i v\u00e0 c\u00f4ng ngh\u1ec7 c\u00f4ng nghi\u1ec7p.<\/p>\n\n\n\n<figure class=\"wp-block-image size-full\"><img loading=\"lazy\" decoding=\"async\" width=\"1322\" height=\"552\" src=\"https:\/\/dp-consulting.com.vn\/wp-content\/uploads\/2024\/11\/screenshot_1730520921.png\" alt=\"\" class=\"wp-image-3398\" srcset=\"https:\/\/dp-consulting.com.vn\/wp-content\/uploads\/2024\/11\/screenshot_1730520921.png 1322w, https:\/\/dp-consulting.com.vn\/wp-content\/uploads\/2024\/11\/screenshot_1730520921-768x321.png 768w, https:\/\/dp-consulting.com.vn\/wp-content\/uploads\/2024\/11\/screenshot_1730520921-18x8.png 18w\" sizes=\"auto, (max-width: 1322px) 100vw, 1322px\" \/><\/figure>","protected":false},"excerpt":{"rendered":"<p>Powerful. For every application. Decades of experience in the design and development of marine propulsion systems for commercial and fast craft enable ZF to supply world\u2019s leading propulsion technology. ZF is supplier of compact, high-performance transmissions, surface drives, azimuth and tunnel thrusters, propellers and control systems.Numerous transmission ratios are available thatperfectly match today\u2019s medium- and [&hellip;]<\/p>","protected":false},"author":5,"featured_media":0,"parent":0,"menu_order":0,"comment_status":"closed","ping_status":"closed","template":"customer.php","meta":{"footnotes":""},"class_list":["post-3340","page","type-page","status-publish","hentry"],"acf":[],"yoast_head":"<!-- This site is optimized with the Yoast SEO plugin v24.2 - https:\/\/yoast.com\/wordpress\/plugins\/seo\/ -->\n<title>Marine Transmissions - DP-Consulting JSC<\/title>\n<meta name=\"robots\" content=\"index, follow, max-snippet:-1, max-image-preview:large, max-video-preview:-1\" \/>\n<link rel=\"canonical\" href=\"https:\/\/dp-consulting.com.vn\/vi\/marine-transmissions\/\" \/>\n<meta property=\"og:locale\" content=\"vi_VN\" \/>\n<meta property=\"og:type\" content=\"article\" \/>\n<meta property=\"og:title\" content=\"Marine Transmissions - DP-Consulting JSC\" \/>\n<meta property=\"og:description\" content=\"Powerful. For every application. Decades of experience in the design and development of marine propulsion systems for commercial and fast craft enable ZF to supply world\u2019s leading propulsion technology. ZF is supplier of compact, high-performance transmissions, surface drives, azimuth and tunnel thrusters, propellers and control systems.Numerous transmission ratios are available thatperfectly match today\u2019s medium- and [&hellip;]\" \/>\n<meta property=\"og:url\" content=\"https:\/\/dp-consulting.com.vn\/vi\/marine-transmissions\/\" \/>\n<meta property=\"og:site_name\" content=\"DP-Consulting JSC\" \/>\n<meta property=\"article:modified_time\" content=\"2024-11-02T04:16:43+00:00\" \/>\n<meta property=\"og:image\" content=\"https:\/\/dp-consulting.com.vn\/wp-content\/uploads\/2024\/11\/screenshot_1730520626.png\" \/>\n\t<meta property=\"og:image:width\" content=\"1319\" \/>\n\t<meta property=\"og:image:height\" content=\"651\" \/>\n\t<meta property=\"og:image:type\" content=\"image\/png\" \/>\n<meta name=\"twitter:card\" content=\"summary_large_image\" \/>\n<meta name=\"twitter:label1\" content=\"\u01af\u1edbc t\u00ednh th\u1eddi gian \u0111\u1ecdc\" \/>\n\t<meta name=\"twitter:data1\" content=\"2 ph\u00fat\" \/>\n<script type=\"application\/ld+json\" class=\"yoast-schema-graph\">{\"@context\":\"https:\/\/schema.org\",\"@graph\":[{\"@type\":\"WebPage\",\"@id\":\"https:\/\/dp-consulting.com.vn\/marine-transmissions\/\",\"url\":\"https:\/\/dp-consulting.com.vn\/marine-transmissions\/\",\"name\":\"Marine Transmissions - DP-Consulting JSC\",\"isPartOf\":{\"@id\":\"https:\/\/dp-consulting.com.vn\/#website\"},\"primaryImageOfPage\":{\"@id\":\"https:\/\/dp-consulting.com.vn\/marine-transmissions\/#primaryimage\"},\"image\":{\"@id\":\"https:\/\/dp-consulting.com.vn\/marine-transmissions\/#primaryimage\"},\"thumbnailUrl\":\"https:\/\/dp-consulting.com.vn\/wp-content\/uploads\/2024\/11\/screenshot_1730520626.png\",\"datePublished\":\"2024-10-25T09:51:59+00:00\",\"dateModified\":\"2024-11-02T04:16:43+00:00\",\"breadcrumb\":{\"@id\":\"https:\/\/dp-consulting.com.vn\/marine-transmissions\/#breadcrumb\"},\"inLanguage\":\"vi\",\"potentialAction\":[{\"@type\":\"ReadAction\",\"target\":[\"https:\/\/dp-consulting.com.vn\/marine-transmissions\/\"]}]},{\"@type\":\"ImageObject\",\"inLanguage\":\"vi\",\"@id\":\"https:\/\/dp-consulting.com.vn\/marine-transmissions\/#primaryimage\",\"url\":\"https:\/\/dp-consulting.com.vn\/wp-content\/uploads\/2024\/11\/screenshot_1730520626.png\",\"contentUrl\":\"https:\/\/dp-consulting.com.vn\/wp-content\/uploads\/2024\/11\/screenshot_1730520626.png\"},{\"@type\":\"BreadcrumbList\",\"@id\":\"https:\/\/dp-consulting.com.vn\/marine-transmissions\/#breadcrumb\",\"itemListElement\":[{\"@type\":\"ListItem\",\"position\":1,\"name\":\"Home\",\"item\":\"https:\/\/dp-consulting.com.vn\/\"},{\"@type\":\"ListItem\",\"position\":2,\"name\":\"Marine Transmissions\"}]},{\"@type\":\"WebSite\",\"@id\":\"https:\/\/dp-consulting.com.vn\/#website\",\"url\":\"https:\/\/dp-consulting.com.vn\/\",\"name\":\"DP-Consulting JSC\",\"description\":\"Much more than you expect\",\"publisher\":{\"@id\":\"https:\/\/dp-consulting.com.vn\/#organization\"},\"potentialAction\":[{\"@type\":\"SearchAction\",\"target\":{\"@type\":\"EntryPoint\",\"urlTemplate\":\"https:\/\/dp-consulting.com.vn\/?s={search_term_string}\"},\"query-input\":{\"@type\":\"PropertyValueSpecification\",\"valueRequired\":true,\"valueName\":\"search_term_string\"}}],\"inLanguage\":\"vi\"},{\"@type\":\"Organization\",\"@id\":\"https:\/\/dp-consulting.com.vn\/#organization\",\"name\":\"DP-Consulting JSC\",\"url\":\"https:\/\/dp-consulting.com.vn\/\",\"logo\":{\"@type\":\"ImageObject\",\"inLanguage\":\"vi\",\"@id\":\"https:\/\/dp-consulting.com.vn\/#\/schema\/logo\/image\/\",\"url\":\"https:\/\/dp-consulting.com.vn\/wp-content\/uploads\/2022\/09\/logo-dp-cover-social.jpg\",\"contentUrl\":\"https:\/\/dp-consulting.com.vn\/wp-content\/uploads\/2022\/09\/logo-dp-cover-social.jpg\",\"width\":800,\"height\":420,\"caption\":\"DP-Consulting JSC\"},\"image\":{\"@id\":\"https:\/\/dp-consulting.com.vn\/#\/schema\/logo\/image\/\"}}]}<\/script>\n<!-- \/ Yoast SEO plugin. -->","yoast_head_json":{"title":"Marine Transmissions - DP-Consulting JSC","robots":{"index":"index","follow":"follow","max-snippet":"max-snippet:-1","max-image-preview":"max-image-preview:large","max-video-preview":"max-video-preview:-1"},"canonical":"https:\/\/dp-consulting.com.vn\/vi\/marine-transmissions\/","og_locale":"vi_VN","og_type":"article","og_title":"Marine Transmissions - DP-Consulting JSC","og_description":"Powerful. For every application. Decades of experience in the design and development of marine propulsion systems for commercial and fast craft enable ZF to supply world\u2019s leading propulsion technology. ZF is supplier of compact, high-performance transmissions, surface drives, azimuth and tunnel thrusters, propellers and control systems.Numerous transmission ratios are available thatperfectly match today\u2019s medium- and [&hellip;]","og_url":"https:\/\/dp-consulting.com.vn\/vi\/marine-transmissions\/","og_site_name":"DP-Consulting JSC","article_modified_time":"2024-11-02T04:16:43+00:00","og_image":[{"width":1319,"height":651,"url":"https:\/\/dp-consulting.com.vn\/wp-content\/uploads\/2024\/11\/screenshot_1730520626.png","type":"image\/png"}],"twitter_card":"summary_large_image","twitter_misc":{"\u01af\u1edbc t\u00ednh th\u1eddi gian \u0111\u1ecdc":"2 ph\u00fat"},"schema":{"@context":"https:\/\/schema.org","@graph":[{"@type":"WebPage","@id":"https:\/\/dp-consulting.com.vn\/marine-transmissions\/","url":"https:\/\/dp-consulting.com.vn\/marine-transmissions\/","name":"Marine Transmissions - DP-Consulting JSC","isPartOf":{"@id":"https:\/\/dp-consulting.com.vn\/#website"},"primaryImageOfPage":{"@id":"https:\/\/dp-consulting.com.vn\/marine-transmissions\/#primaryimage"},"image":{"@id":"https:\/\/dp-consulting.com.vn\/marine-transmissions\/#primaryimage"},"thumbnailUrl":"https:\/\/dp-consulting.com.vn\/wp-content\/uploads\/2024\/11\/screenshot_1730520626.png","datePublished":"2024-10-25T09:51:59+00:00","dateModified":"2024-11-02T04:16:43+00:00","breadcrumb":{"@id":"https:\/\/dp-consulting.com.vn\/marine-transmissions\/#breadcrumb"},"inLanguage":"vi","potentialAction":[{"@type":"ReadAction","target":["https:\/\/dp-consulting.com.vn\/marine-transmissions\/"]}]},{"@type":"ImageObject","inLanguage":"vi","@id":"https:\/\/dp-consulting.com.vn\/marine-transmissions\/#primaryimage","url":"https:\/\/dp-consulting.com.vn\/wp-content\/uploads\/2024\/11\/screenshot_1730520626.png","contentUrl":"https:\/\/dp-consulting.com.vn\/wp-content\/uploads\/2024\/11\/screenshot_1730520626.png"},{"@type":"BreadcrumbList","@id":"https:\/\/dp-consulting.com.vn\/marine-transmissions\/#breadcrumb","itemListElement":[{"@type":"ListItem","position":1,"name":"Home","item":"https:\/\/dp-consulting.com.vn\/"},{"@type":"ListItem","position":2,"name":"Marine Transmissions"}]},{"@type":"WebSite","@id":"https:\/\/dp-consulting.com.vn\/#website","url":"https:\/\/dp-consulting.com.vn\/","name":"DP-Consulting JSC","description":"Much more than you expect","publisher":{"@id":"https:\/\/dp-consulting.com.vn\/#organization"},"potentialAction":[{"@type":"SearchAction","target":{"@type":"EntryPoint","urlTemplate":"https:\/\/dp-consulting.com.vn\/?s={search_term_string}"},"query-input":{"@type":"PropertyValueSpecification","valueRequired":true,"valueName":"search_term_string"}}],"inLanguage":"vi"},{"@type":"Organization","@id":"https:\/\/dp-consulting.com.vn\/#organization","name":"DP-Consulting JSC","url":"https:\/\/dp-consulting.com.vn\/","logo":{"@type":"ImageObject","inLanguage":"vi","@id":"https:\/\/dp-consulting.com.vn\/#\/schema\/logo\/image\/","url":"https:\/\/dp-consulting.com.vn\/wp-content\/uploads\/2022\/09\/logo-dp-cover-social.jpg","contentUrl":"https:\/\/dp-consulting.com.vn\/wp-content\/uploads\/2022\/09\/logo-dp-cover-social.jpg","width":800,"height":420,"caption":"DP-Consulting JSC"},"image":{"@id":"https:\/\/dp-consulting.com.vn\/#\/schema\/logo\/image\/"}}]}},"_links":{"self":[{"href":"https:\/\/dp-consulting.com.vn\/vi\/wp-json\/wp\/v2\/pages\/3340","targetHints":{"allow":["GET"]}}],"collection":[{"href":"https:\/\/dp-consulting.com.vn\/vi\/wp-json\/wp\/v2\/pages"}],"about":[{"href":"https:\/\/dp-consulting.com.vn\/vi\/wp-json\/wp\/v2\/types\/page"}],"author":[{"embeddable":true,"href":"https:\/\/dp-consulting.com.vn\/vi\/wp-json\/wp\/v2\/users\/5"}],"replies":[{"embeddable":true,"href":"https:\/\/dp-consulting.com.vn\/vi\/wp-json\/wp\/v2\/comments?post=3340"}],"version-history":[{"count":3,"href":"https:\/\/dp-consulting.com.vn\/vi\/wp-json\/wp\/v2\/pages\/3340\/revisions"}],"predecessor-version":[{"id":3399,"href":"https:\/\/dp-consulting.com.vn\/vi\/wp-json\/wp\/v2\/pages\/3340\/revisions\/3399"}],"wp:attachment":[{"href":"https:\/\/dp-consulting.com.vn\/vi\/wp-json\/wp\/v2\/media?parent=3340"}],"curies":[{"name":"wp","href":"https:\/\/api.w.org\/{rel}","templated":true}]}}