{"id":3336,"date":"2024-10-25T09:50:23","date_gmt":"2024-10-25T09:50:23","guid":{"rendered":"https:\/\/dp-consulting.com.vn\/?page_id=3336"},"modified":"2024-11-04T08:17:50","modified_gmt":"2024-11-04T08:17:50","slug":"siemens-energy","status":"publish","type":"page","link":"https:\/\/dp-consulting.com.vn\/vi\/siemens-energy\/","title":{"rendered":"Siemens Energy"},"content":{"rendered":"<figure class=\"wp-block-image size-full\"><img loading=\"lazy\" decoding=\"async\" width=\"1353\" height=\"672\" src=\"https:\/\/dp-consulting.com.vn\/wp-content\/uploads\/2024\/11\/z5998329167629_3e8e709e93c469a44bfe95ae61a660d1.jpg\" alt=\"\" class=\"wp-image-3424\" srcset=\"https:\/\/dp-consulting.com.vn\/wp-content\/uploads\/2024\/11\/z5998329167629_3e8e709e93c469a44bfe95ae61a660d1.jpg 1353w, https:\/\/dp-consulting.com.vn\/wp-content\/uploads\/2024\/11\/z5998329167629_3e8e709e93c469a44bfe95ae61a660d1-768x381.jpg 768w, https:\/\/dp-consulting.com.vn\/wp-content\/uploads\/2024\/11\/z5998329167629_3e8e709e93c469a44bfe95ae61a660d1-18x9.jpg 18w\" sizes=\"auto, (max-width: 1353px) 100vw, 1353px\" \/><\/figure>\n\n\n\n<p><strong>\u0110\u01b0\u1ee3c thi\u1ebft k\u1ebf cho hi\u1ec7u su\u1ea5t v\u01b0\u1ee3t tr\u1ed9i<\/strong><\/p>\n\n\n\n<p>V\u1edbi b\u1ea3ng th\u00e0nh t\u00edch l\u00e2u n\u0103m v\u00e0 \u0111\u00e3 \u0111\u01b0\u1ee3c ch\u1ee9ng\nminh v\u1ec1 vi\u1ec7c l\u1eafp \u0111\u1eb7t th\u00e0nh c\u00f4ng tr\u00ean kh\u1eafp th\u1ebf\ngi\u1edbi, tuabin kh\u00ed l\u00e0 s\u1ef1 l\u1ef1a ch\u1ecdn tuy\u1ec7t v\u1eddi cho c\u1ea3 s\u1ea3n\nxu\u1ea5t \u0111i\u1ec7n c\u00f4ng nghi\u1ec7p v\u00e0 \u1ee9ng d\u1ee5ng trong ng\u00e0nh\nd\u1ea7u kh\u00ed.<\/p>\n\n\n\n<p>N\u00f3 s\u1ebd \u0111\u00e1p \u1ee9ng c\u00e1c y\u00eau c\u1ea7u c\u1ee7a b\u1ea1n v\u1ec1 hi\u1ec7u qu\u1ea3,\n\u0111\u1ed9 tin c\u1eady v\u00e0 kh\u1ea3 n\u0103ng t\u01b0\u01a1ng th\u00edch v\u1edbi m\u00f4i tr\u01b0\u1eddng,\nmang l\u1ea1i chi ph\u00ed v\u00f2ng \u0111\u1eddi th\u1ea5p v\u00e0 l\u1ee3i t\u1ee9c \u0111\u1ea7u t\u01b0 t\u1ed1t\nnh\u1ea5t c\u00f3 th\u1ec3. Tua bin kh\u00ed s\u1ebd h\u1ed7 tr\u1ee3 vi\u1ec7c l\u1eafp \u0111\u1eb7t chu\ntr\u00ecnh h\u1ed7n h\u1ee3p v\u00e0 \u0111\u1ed3ng ph\u00e1t c\u1ee7a b\u1ea1n v\u1edbi hi\u1ec7u su\u1ea5t\ntuy\u1ec7t v\u1eddi v\u00e0 kh\u1ea3 n\u0103ng t\u0103ng h\u01a1i n\u01b0\u1edbc v\u01b0\u1ee3t tr\u1ed9i.<\/p>\n\n\n\n<p>\u0110\u01b0\u1ee3c thi\u1ebft k\u1ebf \u0111\u1ec3 v\u1eadn h\u00e0nh linh ho\u1ea1t, n\u00f3 ho\u00e0n to\u00e0n\nph\u00f9 h\u1ee3p v\u1edbi t\u1ea3i c\u01a1 s\u1edf v\u00e0 t\u1ea3i trung gian c\u0169ng nh\u01b0\nh\u1ed7 tr\u1ee3 l\u01b0\u1edbi \u0111i\u1ec7n<\/p>\n\n\n\n<h3 class=\"wp-block-heading\">C\u00c1C \u0110I\u1ec2M N\u1ed4I B\u1eacT C\u1ee6A TUABIN KH\u00cd<\/h3>\n\n\n\n<p><strong>Chi ph\u00ed v\u00f2ng \u0111\u1eddi th\u1ea5p nh\u1ea5t, l\u1ee3i t\u1ee9c \u0111\u1ea7u t\u01b0 t\u1ed1t nh\u1ea5t<\/strong><\/p>\n\n\n\n<p>D\u00f9 \u1ee9ng d\u1ee5ng l\u00e0 g\u00ec, tuabin kh\u00ed c\u0169ng \u0111\u00e1p \u1ee9ng c\u00e1c y\u00eau\nc\u1ea7u c\u1ee7a b\u1ea1n v\u1ec1 hi\u1ec7u su\u1ea5t, \u0111\u1ed9 tin c\u1eady v\u00e0 kh\u1ea3 n\u0103ng\nt\u01b0\u01a1ng th\u00edch v\u1edbi m\u00f4i tr\u01b0\u1eddng. K\u1ebft qu\u1ea3 l\u00e0, b\u1ea1n c\u00f3 th\u1ec3\nmong \u0111\u1ee3i chi ph\u00ed v\u1eadn h\u00e0nh trong v\u00f2ng \u0111\u1eddi th\u1ea5p nh\u1ea5t\nv\u00e0 l\u1ee3i t\u1ee9c \u0111\u1ea7u t\u01b0 t\u1ed1t nh\u1ea5t c\u00f3 th\u1ec3.<\/p>\n\n\n\n<p><strong>Hi\u1ec7u su\u1ea5t ph\u00e1t th\u1ea3i \u0111\u1eb3ng c\u1ea5p th\u1ebf gi\u1edbi<\/strong><\/p>\n\n\n\n<p>Thi\u1ebft k\u1ebf bu\u1ed3ng \u0111\u1ed1t v\u00e0 \u0111\u1ea7u \u0111\u1ed1t mang l\u1ea1i hi\u1ec7u su\u1ea5t\nph\u00e1t th\u1ea3i \u0111\u1eb3ng c\u1ea5p th\u1ebf gi\u1edbi trong ph\u1ea1m vi t\u1ea3i r\u1ed9ng v\u1edbi\nm\u1ee9c ph\u00e1t th\u1ea3i CO \u1edf m\u1ee9c m\u1ed9t ch\u1eef s\u1ed1 v\u00e0 c\u00f3 kh\u1ea3 n\u0103ng\ngi\u1ea3m ph\u00e1t th\u1ea3i NOx xu\u1ed1ng t\u1edbi 9 ppm. L\u01b0\u1ee3ng kh\u00ed th\u1ea3i\nth\u1ea5p c\u0169ng \u0111\u1ea1t \u0111\u01b0\u1ee3c b\u1eb1ng nhi\u00ean li\u1ec7u l\u1ecfng m\u00e0 kh\u00f4ng\nc\u1ea7n phun n\u01b0\u1edbc. <\/p>\n\n\n\n<p>\u0110\u01b0\u1ee3c thi\u1ebft k\u1ebf \u0111\u1ec3 gi\u1ea3m t\u00e1c \u0111\u1ed9ng \u0111\u1ebfn m\u00f4i tr\u01b0\u1eddng, tuabin kh\u00ed s\u1ebd gi\u00fap b\u1ea1n \u0111\u00e1p \u1ee9ng ngay c\u1ea3 nh\u1eefng quy \u0111\u1ecbnh\nnghi\u00eam ng\u1eb7t nh\u1ea5t v\u1ec1 kh\u00ed th\u1ea3i tr\u00ean to\u00e0n th\u1ebf gi\u1edbi.<\/p>\n\n\n\n<p><strong>\u0110\u1ed9 tin c\u1eady \u0111\u00e3 \u0111\u01b0\u1ee3c ch\u1ee9ng minh<\/strong><\/p>\n\n\n\n<p>\u0110\u1ed9 tin c\u1eady \u0111\u00e3 \u0111\u01b0\u1ee3c \u01b0u ti\u00ean h\u00e0ng \u0111\u1ea7u k\u1ec3 t\u1eeb ng\u00e0y \u0111\u1ea7u\nti\u00ean ph\u00e1t tri\u1ec3n tuabin kh\u00ed. Nh\u1edd c\u00e1c gi\u1ea3i ph\u00e1p k\u1ef9 thu\u1eadt\n\u0111\u01a1n gi\u1ea3n v\u00e0 thi\u1ebft th\u1ef1c, \u0111\u1ed9 tin c\u1eady trung b\u00ecnh \u0111\u01b0\u1ee3c\nb\u00e1o c\u00e1o c\u1ee7a \u0111\u1ed9ng c\u01a1 c\u1ed1t l\u00f5i v\u00e0 h\u1ec7 th\u1ed1ng ph\u1ee5 tr\u1ee3 \u0111\u1ea1t\nm\u1ee9c 99,8% \u0111\u1eb3ng c\u1ea5p th\u1ebf gi\u1edbi.<\/p>\n\n\n\n<p><strong>Gi\u1ea3i ph\u00e1p linh ho\u1ea1t<\/strong><\/p>\n\n\n\n<p>Tua bin kh\u00ed mang \u0111\u1ebfn s\u1ef1 linh ho\u1ea1t r\u1ed9ng r\u00e3i v\u1ec1 nhi\u00ean\nli\u1ec7u, \u0111i\u1ec1u ki\u1ec7n v\u1eadn h\u00e0nh, v\u1eadn h\u00e0nh b\u1ea3o tr\u00ec, gi\u1ea3i ph\u00e1p\ntr\u1ecdn g\u00f3i v\u00e0 c\u00f4ng su\u1ea5t. Nh\u1eefng gi\u1ea3i ph\u00e1p linh ho\u1ea1t n\u00e0y\n\u0111\u00e3 \u0111\u01b0\u1ee3c ph\u00e1t tri\u1ec3n \u0111\u1ec3 \u0111\u00e1p \u1ee9ng c\u00e1c y\u00eau c\u1ea7u c\u1ee5 th\u1ec3 v\u1ec1\nth\u1ecb tr\u01b0\u1eddng c\u1ee7a b\u1ea1n.<\/p>\n\n\n\n<p><strong>T\u00ednh kh\u1ea3 d\u1ee5ng t\u1ed1i \u0111a<\/strong><\/p>\n\n\n\n<p>Tua bin kh\u00ed c\u00f3 thi\u1ebft k\u1ebf nh\u1ecf g\u1ecdn, m\u00f4-\u0111un, d\u1ec5 b\u1ea3o tr\u00ec.\nKh\u1ea3 n\u0103ng b\u1ea3o tr\u00ec n\u00e0y k\u1ebft h\u1ee3p v\u1edbi c\u00e1ch b\u1ed1 tr\u00ed m\u1ed9t tr\u1ee5c\nch\u1eafc ch\u1eafn c\u1ee7a tuabin, th\u1eddi gian gi\u1eefa c\u00e1c l\u1ea7n \u0111\u1ea1i tu\nd\u00e0i v\u00e0 tu\u1ed5i th\u1ecd d\u00e0i \u0111\u1ea3m b\u1ea3o kh\u1ea3 n\u0103ng s\u1eb5n s\u00e0ng v\u1eadn\nh\u00e0nh cao c\u1ee7a tuabin. <\/p>\n\n\n\n<p>C\u00e1c nguy\u00ean t\u1eafc d\u1ecbch v\u1ee5 linh ho\u1ea1t \u0111\u1ec3 b\u1ea3o tr\u00ec t\u1ea1i ch\u1ed7\nho\u1eb7c ngo\u00e0i c\u01a1 s\u1edf v\u1edbi kh\u1ea3 n\u0103ng trao \u0111\u1ed5i \u0111\u1ed9ng c\u01a1 c\u1ed1t\nl\u00f5i trong 48 gi\u1edd s\u1ebd t\u1ed1i \u0111a h\u00f3a t\u00ednh kh\u1ea3 d\u1ee5ng h\u01a1n n\u1eefa.<\/p>\n\n\n\n<p><strong>Hi\u1ec7u su\u1ea5t t\u1ed1i \u0111a<\/strong><\/p>\n\n\n\n<p>V\u1edbi hi\u1ec7u su\u1ea5t \u0111i\u1ec7n cao, tuabin kh\u00ed l\u00e0 c\u1ed1t l\u00f5i trong vi\u1ec7c\nl\u1eafp \u0111\u1eb7t nh\u00e0 m\u00e1y \u0111i\u1ec7n c\u1ee7a b\u1ea1n \u2013 t\u1eeb v\u1eadn h\u00e0nh chu\ntr\u00ecnh \u0111\u01a1n gi\u1ea3n \u0111\u1ebfn v\u1eadn h\u00e0nh chu tr\u00ecnh k\u1ebft h\u1ee3p, v\u1edbi\nm\u1ed9t ho\u1eb7c nhi\u1ec1u t\u1ed5 m\u00e1y. <\/p>\n\n\n\n<p>Kh\u1ea3 n\u0103ng t\u1ea1o h\u01a1i n\u01b0\u1edbc tuy\u1ec7t v\u1eddi c\u1ee7a n\u00f3 c\u0169ng l\u00e0m cho\ntuabin kh\u00ed tr\u1edf th\u00e0nh l\u1ef1a ch\u1ecdn l\u00fd t\u01b0\u1edfng trong l\u1eafp \u0111\u1eb7t\nk\u1ebft h\u1ee3p nhi\u1ec7t v\u00e0 \u0111i\u1ec7n (CHP).<\/p>","protected":false},"excerpt":{"rendered":"<p>Engineered for outstanding performance With a proven, long-term track record of successful installations around the world, gas turbine is an excellent choice for both industrial power generation and oil and gas applications. It will meet your requirements for efficiency, reliability and environmental compatibility, offering low lifecycle costs and the best possible return on investment. The [&hellip;]<\/p>","protected":false},"author":5,"featured_media":0,"parent":0,"menu_order":0,"comment_status":"closed","ping_status":"closed","template":"customer.php","meta":{"footnotes":""},"class_list":["post-3336","page","type-page","status-publish","hentry"],"acf":[],"yoast_head":"<!-- This site is optimized with the Yoast SEO plugin v24.2 - https:\/\/yoast.com\/wordpress\/plugins\/seo\/ -->\n<title>Siemens Energy - DP-Consulting JSC<\/title>\n<meta name=\"robots\" content=\"index, follow, max-snippet:-1, max-image-preview:large, max-video-preview:-1\" \/>\n<link rel=\"canonical\" href=\"https:\/\/dp-consulting.com.vn\/vi\/siemens-energy\/\" \/>\n<meta property=\"og:locale\" content=\"vi_VN\" \/>\n<meta property=\"og:type\" content=\"article\" \/>\n<meta property=\"og:title\" content=\"Siemens Energy - DP-Consulting JSC\" \/>\n<meta property=\"og:description\" content=\"Engineered for outstanding performance With a proven, long-term track record of successful installations around the world, gas turbine is an excellent choice for both industrial power generation and oil and gas applications. It will meet your requirements for efficiency, reliability and environmental compatibility, offering low lifecycle costs and the best possible return on investment. The [&hellip;]\" \/>\n<meta property=\"og:url\" content=\"https:\/\/dp-consulting.com.vn\/vi\/siemens-energy\/\" \/>\n<meta property=\"og:site_name\" content=\"DP-Consulting JSC\" \/>\n<meta property=\"article:modified_time\" content=\"2024-11-04T08:17:50+00:00\" \/>\n<meta property=\"og:image\" content=\"https:\/\/dp-consulting.com.vn\/wp-content\/uploads\/2024\/11\/z5998329167629_3e8e709e93c469a44bfe95ae61a660d1.jpg\" \/>\n\t<meta property=\"og:image:width\" content=\"1353\" \/>\n\t<meta property=\"og:image:height\" content=\"672\" \/>\n\t<meta property=\"og:image:type\" content=\"image\/jpeg\" \/>\n<meta name=\"twitter:card\" content=\"summary_large_image\" \/>\n<meta name=\"twitter:label1\" content=\"\u01af\u1edbc t\u00ednh th\u1eddi gian \u0111\u1ecdc\" \/>\n\t<meta name=\"twitter:data1\" content=\"2 ph\u00fat\" \/>\n<script type=\"application\/ld+json\" class=\"yoast-schema-graph\">{\"@context\":\"https:\/\/schema.org\",\"@graph\":[{\"@type\":\"WebPage\",\"@id\":\"https:\/\/dp-consulting.com.vn\/siemens-energy\/\",\"url\":\"https:\/\/dp-consulting.com.vn\/siemens-energy\/\",\"name\":\"Siemens Energy - DP-Consulting JSC\",\"isPartOf\":{\"@id\":\"https:\/\/dp-consulting.com.vn\/#website\"},\"primaryImageOfPage\":{\"@id\":\"https:\/\/dp-consulting.com.vn\/siemens-energy\/#primaryimage\"},\"image\":{\"@id\":\"https:\/\/dp-consulting.com.vn\/siemens-energy\/#primaryimage\"},\"thumbnailUrl\":\"https:\/\/dp-consulting.com.vn\/wp-content\/uploads\/2024\/11\/z5998329167629_3e8e709e93c469a44bfe95ae61a660d1.jpg\",\"datePublished\":\"2024-10-25T09:50:23+00:00\",\"dateModified\":\"2024-11-04T08:17:50+00:00\",\"breadcrumb\":{\"@id\":\"https:\/\/dp-consulting.com.vn\/siemens-energy\/#breadcrumb\"},\"inLanguage\":\"vi\",\"potentialAction\":[{\"@type\":\"ReadAction\",\"target\":[\"https:\/\/dp-consulting.com.vn\/siemens-energy\/\"]}]},{\"@type\":\"ImageObject\",\"inLanguage\":\"vi\",\"@id\":\"https:\/\/dp-consulting.com.vn\/siemens-energy\/#primaryimage\",\"url\":\"https:\/\/dp-consulting.com.vn\/wp-content\/uploads\/2024\/11\/z5998329167629_3e8e709e93c469a44bfe95ae61a660d1.jpg\",\"contentUrl\":\"https:\/\/dp-consulting.com.vn\/wp-content\/uploads\/2024\/11\/z5998329167629_3e8e709e93c469a44bfe95ae61a660d1.jpg\"},{\"@type\":\"BreadcrumbList\",\"@id\":\"https:\/\/dp-consulting.com.vn\/siemens-energy\/#breadcrumb\",\"itemListElement\":[{\"@type\":\"ListItem\",\"position\":1,\"name\":\"Home\",\"item\":\"https:\/\/dp-consulting.com.vn\/\"},{\"@type\":\"ListItem\",\"position\":2,\"name\":\"Siemens Energy\"}]},{\"@type\":\"WebSite\",\"@id\":\"https:\/\/dp-consulting.com.vn\/#website\",\"url\":\"https:\/\/dp-consulting.com.vn\/\",\"name\":\"DP-Consulting JSC\",\"description\":\"Much more than you expect\",\"publisher\":{\"@id\":\"https:\/\/dp-consulting.com.vn\/#organization\"},\"potentialAction\":[{\"@type\":\"SearchAction\",\"target\":{\"@type\":\"EntryPoint\",\"urlTemplate\":\"https:\/\/dp-consulting.com.vn\/?s={search_term_string}\"},\"query-input\":{\"@type\":\"PropertyValueSpecification\",\"valueRequired\":true,\"valueName\":\"search_term_string\"}}],\"inLanguage\":\"vi\"},{\"@type\":\"Organization\",\"@id\":\"https:\/\/dp-consulting.com.vn\/#organization\",\"name\":\"DP-Consulting JSC\",\"url\":\"https:\/\/dp-consulting.com.vn\/\",\"logo\":{\"@type\":\"ImageObject\",\"inLanguage\":\"vi\",\"@id\":\"https:\/\/dp-consulting.com.vn\/#\/schema\/logo\/image\/\",\"url\":\"https:\/\/dp-consulting.com.vn\/wp-content\/uploads\/2022\/09\/logo-dp-cover-social.jpg\",\"contentUrl\":\"https:\/\/dp-consulting.com.vn\/wp-content\/uploads\/2022\/09\/logo-dp-cover-social.jpg\",\"width\":800,\"height\":420,\"caption\":\"DP-Consulting JSC\"},\"image\":{\"@id\":\"https:\/\/dp-consulting.com.vn\/#\/schema\/logo\/image\/\"}}]}<\/script>\n<!-- \/ Yoast SEO plugin. -->","yoast_head_json":{"title":"Siemens Energy - DP-Consulting JSC","robots":{"index":"index","follow":"follow","max-snippet":"max-snippet:-1","max-image-preview":"max-image-preview:large","max-video-preview":"max-video-preview:-1"},"canonical":"https:\/\/dp-consulting.com.vn\/vi\/siemens-energy\/","og_locale":"vi_VN","og_type":"article","og_title":"Siemens Energy - DP-Consulting JSC","og_description":"Engineered for outstanding performance With a proven, long-term track record of successful installations around the world, gas turbine is an excellent choice for both industrial power generation and oil and gas applications. It will meet your requirements for efficiency, reliability and environmental compatibility, offering low lifecycle costs and the best possible return on investment. The [&hellip;]","og_url":"https:\/\/dp-consulting.com.vn\/vi\/siemens-energy\/","og_site_name":"DP-Consulting JSC","article_modified_time":"2024-11-04T08:17:50+00:00","og_image":[{"width":1353,"height":672,"url":"https:\/\/dp-consulting.com.vn\/wp-content\/uploads\/2024\/11\/z5998329167629_3e8e709e93c469a44bfe95ae61a660d1.jpg","type":"image\/jpeg"}],"twitter_card":"summary_large_image","twitter_misc":{"\u01af\u1edbc t\u00ednh th\u1eddi gian \u0111\u1ecdc":"2 ph\u00fat"},"schema":{"@context":"https:\/\/schema.org","@graph":[{"@type":"WebPage","@id":"https:\/\/dp-consulting.com.vn\/siemens-energy\/","url":"https:\/\/dp-consulting.com.vn\/siemens-energy\/","name":"Siemens Energy - DP-Consulting JSC","isPartOf":{"@id":"https:\/\/dp-consulting.com.vn\/#website"},"primaryImageOfPage":{"@id":"https:\/\/dp-consulting.com.vn\/siemens-energy\/#primaryimage"},"image":{"@id":"https:\/\/dp-consulting.com.vn\/siemens-energy\/#primaryimage"},"thumbnailUrl":"https:\/\/dp-consulting.com.vn\/wp-content\/uploads\/2024\/11\/z5998329167629_3e8e709e93c469a44bfe95ae61a660d1.jpg","datePublished":"2024-10-25T09:50:23+00:00","dateModified":"2024-11-04T08:17:50+00:00","breadcrumb":{"@id":"https:\/\/dp-consulting.com.vn\/siemens-energy\/#breadcrumb"},"inLanguage":"vi","potentialAction":[{"@type":"ReadAction","target":["https:\/\/dp-consulting.com.vn\/siemens-energy\/"]}]},{"@type":"ImageObject","inLanguage":"vi","@id":"https:\/\/dp-consulting.com.vn\/siemens-energy\/#primaryimage","url":"https:\/\/dp-consulting.com.vn\/wp-content\/uploads\/2024\/11\/z5998329167629_3e8e709e93c469a44bfe95ae61a660d1.jpg","contentUrl":"https:\/\/dp-consulting.com.vn\/wp-content\/uploads\/2024\/11\/z5998329167629_3e8e709e93c469a44bfe95ae61a660d1.jpg"},{"@type":"BreadcrumbList","@id":"https:\/\/dp-consulting.com.vn\/siemens-energy\/#breadcrumb","itemListElement":[{"@type":"ListItem","position":1,"name":"Home","item":"https:\/\/dp-consulting.com.vn\/"},{"@type":"ListItem","position":2,"name":"Siemens Energy"}]},{"@type":"WebSite","@id":"https:\/\/dp-consulting.com.vn\/#website","url":"https:\/\/dp-consulting.com.vn\/","name":"DP-Consulting JSC","description":"Much more than you expect","publisher":{"@id":"https:\/\/dp-consulting.com.vn\/#organization"},"potentialAction":[{"@type":"SearchAction","target":{"@type":"EntryPoint","urlTemplate":"https:\/\/dp-consulting.com.vn\/?s={search_term_string}"},"query-input":{"@type":"PropertyValueSpecification","valueRequired":true,"valueName":"search_term_string"}}],"inLanguage":"vi"},{"@type":"Organization","@id":"https:\/\/dp-consulting.com.vn\/#organization","name":"DP-Consulting JSC","url":"https:\/\/dp-consulting.com.vn\/","logo":{"@type":"ImageObject","inLanguage":"vi","@id":"https:\/\/dp-consulting.com.vn\/#\/schema\/logo\/image\/","url":"https:\/\/dp-consulting.com.vn\/wp-content\/uploads\/2022\/09\/logo-dp-cover-social.jpg","contentUrl":"https:\/\/dp-consulting.com.vn\/wp-content\/uploads\/2022\/09\/logo-dp-cover-social.jpg","width":800,"height":420,"caption":"DP-Consulting JSC"},"image":{"@id":"https:\/\/dp-consulting.com.vn\/#\/schema\/logo\/image\/"}}]}},"_links":{"self":[{"href":"https:\/\/dp-consulting.com.vn\/vi\/wp-json\/wp\/v2\/pages\/3336","targetHints":{"allow":["GET"]}}],"collection":[{"href":"https:\/\/dp-consulting.com.vn\/vi\/wp-json\/wp\/v2\/pages"}],"about":[{"href":"https:\/\/dp-consulting.com.vn\/vi\/wp-json\/wp\/v2\/types\/page"}],"author":[{"embeddable":true,"href":"https:\/\/dp-consulting.com.vn\/vi\/wp-json\/wp\/v2\/users\/5"}],"replies":[{"embeddable":true,"href":"https:\/\/dp-consulting.com.vn\/vi\/wp-json\/wp\/v2\/comments?post=3336"}],"version-history":[{"count":2,"href":"https:\/\/dp-consulting.com.vn\/vi\/wp-json\/wp\/v2\/pages\/3336\/revisions"}],"predecessor-version":[{"id":3426,"href":"https:\/\/dp-consulting.com.vn\/vi\/wp-json\/wp\/v2\/pages\/3336\/revisions\/3426"}],"wp:attachment":[{"href":"https:\/\/dp-consulting.com.vn\/vi\/wp-json\/wp\/v2\/media?parent=3336"}],"curies":[{"name":"wp","href":"https:\/\/api.w.org\/{rel}","templated":true}]}}