{"id":3334,"date":"2024-10-25T09:49:32","date_gmt":"2024-10-25T09:49:32","guid":{"rendered":"https:\/\/dp-consulting.com.vn\/?page_id=3334"},"modified":"2024-11-02T07:13:47","modified_gmt":"2024-11-02T07:13:47","slug":"reintjes","status":"publish","type":"page","link":"https:\/\/dp-consulting.com.vn\/vi\/reintjes\/","title":{"rendered":"Reintjes"},"content":{"rendered":"<div class=\"col-lg-5 col-5\"><img decoding=\"async\" src=\"https:\/\/dp-consulting.com.vn\/wp-content\/uploads\/2024\/10\/Reintjes-logo.png\" alt=\"\" style=\"margin-bottom: 30px\"\/><\/div>\n\n\n\n<h2 class=\"wp-block-heading\">CH\u1ea4T L\u01af\u1ee2NG S\u1ea2N XU\u1ea4T T\u1ea0I \u0110\u1ee8C<\/h2>\n\n\n\n<p>T\u1eeb n\u0103m 1929, REINTJES \u0111\u00e3 s\u1ea3n xu\u1ea5t h\u1ed9p s\u1ed1\nh\u00e0ng h\u1ea3i, ng\u00e0y nay c\u00f2n c\u00f3 c\u00e1c h\u1ec7 th\u1ed1ng truy\u1ec1n\n\u0111\u1ed9ng ho\u00e0n ch\u1ec9nh, gi\u1ea3i ph\u00e1p hybrid v\u00e0 h\u1ed9p s\u1ed1\nc\u00f4ng nghi\u1ec7p. M\u1ed7i s\u1ea3n ph\u1ea9m REINTJES \u0111\u01b0\u1ee3c\ns\u1ea3n xu\u1ea5t v\u1edbi s\u1ef1 c\u1ea9n th\u1eadn v\u00e0 ch\u00ednh x\u00e1c t\u1ed1i \u0111a v\u00e0\nkh\u00f4ng c\u00f3 m\u1ed9t h\u1ed9p s\u1ed1 n\u00e0o r\u1eddi kh\u1ecfi b\u1ed9 ph\u1eadn s\u1ea3n\nxu\u1ea5t c\u1ee7a ch\u00fang t\u00f4i m\u00e0 kh\u00f4ng \u0111\u01b0\u1ee3c th\u1eed nghi\u1ec7m\ntr\u00ean b\u0103ng th\u1eed t\u1ea3i n\u1ed9i b\u1ed9 c\u1ee7a REINTJES.<\/p>\n\n\n\n<img decoding=\"async\" src=\"https:\/\/dp-consulting.com.vn\/wp-content\/uploads\/2024\/11\/screenshot_1730530561.png\" alt=\"\"\/>\n\n\n\n<figure class=\"wp-block-image size-full\"><img loading=\"lazy\" decoding=\"async\" width=\"2330\" height=\"2560\" src=\"https:\/\/dp-consulting.com.vn\/wp-content\/uploads\/2024\/10\/Contents-images-4-scaled.jpg\" alt=\"\" class=\"wp-image-3359\" srcset=\"https:\/\/dp-consulting.com.vn\/wp-content\/uploads\/2024\/10\/Contents-images-4-scaled.jpg 2330w, https:\/\/dp-consulting.com.vn\/wp-content\/uploads\/2024\/10\/Contents-images-4-768x844.jpg 768w, https:\/\/dp-consulting.com.vn\/wp-content\/uploads\/2024\/10\/Contents-images-4-1398x1536.jpg 1398w, https:\/\/dp-consulting.com.vn\/wp-content\/uploads\/2024\/10\/Contents-images-4-1864x2048.jpg 1864w, https:\/\/dp-consulting.com.vn\/wp-content\/uploads\/2024\/10\/Contents-images-4-11x12.jpg 11w\" sizes=\"auto, (max-width: 2330px) 100vw, 2330px\" \/><\/figure>","protected":false},"excerpt":{"rendered":"<p>QUALITY MADE IN GERMANY Since 1929, REINTJES has been manufacturing marine gearboxes, today also complete drive systems, hybrid solutions, and industrial gearboxes. Each REINTJES product is manufactured with the utmost care and precision and there is not a single gearbox that leaves our production department without having been tested on the REINTJES in-house test bench<\/p>","protected":false},"author":5,"featured_media":0,"parent":0,"menu_order":0,"comment_status":"closed","ping_status":"closed","template":"customer.php","meta":{"footnotes":""},"class_list":["post-3334","page","type-page","status-publish","hentry"],"acf":[],"yoast_head":"<!-- This site is optimized with the Yoast SEO plugin v24.2 - https:\/\/yoast.com\/wordpress\/plugins\/seo\/ -->\n<title>Reintjes - DP-Consulting JSC<\/title>\n<meta name=\"robots\" content=\"index, follow, max-snippet:-1, max-image-preview:large, max-video-preview:-1\" \/>\n<link rel=\"canonical\" href=\"https:\/\/dp-consulting.com.vn\/vi\/reintjes\/\" \/>\n<meta property=\"og:locale\" content=\"vi_VN\" \/>\n<meta property=\"og:type\" content=\"article\" \/>\n<meta property=\"og:title\" content=\"Reintjes - DP-Consulting JSC\" \/>\n<meta property=\"og:description\" content=\"QUALITY MADE IN GERMANY Since 1929, REINTJES has been manufacturing marine gearboxes, today also complete drive systems, hybrid solutions, and industrial gearboxes. Each REINTJES product is manufactured with the utmost care and precision and there is not a single gearbox that leaves our production department without having been tested on the REINTJES in-house test bench\" \/>\n<meta property=\"og:url\" content=\"https:\/\/dp-consulting.com.vn\/vi\/reintjes\/\" \/>\n<meta property=\"og:site_name\" content=\"DP-Consulting JSC\" \/>\n<meta property=\"article:modified_time\" content=\"2024-11-02T07:13:47+00:00\" \/>\n<meta property=\"og:image\" content=\"https:\/\/dp-consulting.com.vn\/wp-content\/uploads\/2024\/10\/Reintjes-logo.png\" \/>\n<meta name=\"twitter:card\" content=\"summary_large_image\" \/>\n<meta name=\"twitter:label1\" content=\"\u01af\u1edbc t\u00ednh th\u1eddi gian \u0111\u1ecdc\" \/>\n\t<meta name=\"twitter:data1\" content=\"1 ph\u00fat\" \/>\n<script type=\"application\/ld+json\" class=\"yoast-schema-graph\">{\"@context\":\"https:\/\/schema.org\",\"@graph\":[{\"@type\":\"WebPage\",\"@id\":\"https:\/\/dp-consulting.com.vn\/reintjes\/\",\"url\":\"https:\/\/dp-consulting.com.vn\/reintjes\/\",\"name\":\"Reintjes - DP-Consulting JSC\",\"isPartOf\":{\"@id\":\"https:\/\/dp-consulting.com.vn\/#website\"},\"primaryImageOfPage\":{\"@id\":\"https:\/\/dp-consulting.com.vn\/reintjes\/#primaryimage\"},\"image\":{\"@id\":\"https:\/\/dp-consulting.com.vn\/reintjes\/#primaryimage\"},\"thumbnailUrl\":\"https:\/\/dp-consulting.com.vn\/wp-content\/uploads\/2024\/10\/Reintjes-logo.png\",\"datePublished\":\"2024-10-25T09:49:32+00:00\",\"dateModified\":\"2024-11-02T07:13:47+00:00\",\"breadcrumb\":{\"@id\":\"https:\/\/dp-consulting.com.vn\/reintjes\/#breadcrumb\"},\"inLanguage\":\"vi\",\"potentialAction\":[{\"@type\":\"ReadAction\",\"target\":[\"https:\/\/dp-consulting.com.vn\/reintjes\/\"]}]},{\"@type\":\"ImageObject\",\"inLanguage\":\"vi\",\"@id\":\"https:\/\/dp-consulting.com.vn\/reintjes\/#primaryimage\",\"url\":\"https:\/\/dp-consulting.com.vn\/wp-content\/uploads\/2024\/10\/Reintjes-logo.png\",\"contentUrl\":\"https:\/\/dp-consulting.com.vn\/wp-content\/uploads\/2024\/10\/Reintjes-logo.png\"},{\"@type\":\"BreadcrumbList\",\"@id\":\"https:\/\/dp-consulting.com.vn\/reintjes\/#breadcrumb\",\"itemListElement\":[{\"@type\":\"ListItem\",\"position\":1,\"name\":\"Home\",\"item\":\"https:\/\/dp-consulting.com.vn\/\"},{\"@type\":\"ListItem\",\"position\":2,\"name\":\"Reintjes\"}]},{\"@type\":\"WebSite\",\"@id\":\"https:\/\/dp-consulting.com.vn\/#website\",\"url\":\"https:\/\/dp-consulting.com.vn\/\",\"name\":\"DP-Consulting JSC\",\"description\":\"Much more than you expect\",\"publisher\":{\"@id\":\"https:\/\/dp-consulting.com.vn\/#organization\"},\"potentialAction\":[{\"@type\":\"SearchAction\",\"target\":{\"@type\":\"EntryPoint\",\"urlTemplate\":\"https:\/\/dp-consulting.com.vn\/?s={search_term_string}\"},\"query-input\":{\"@type\":\"PropertyValueSpecification\",\"valueRequired\":true,\"valueName\":\"search_term_string\"}}],\"inLanguage\":\"vi\"},{\"@type\":\"Organization\",\"@id\":\"https:\/\/dp-consulting.com.vn\/#organization\",\"name\":\"DP-Consulting JSC\",\"url\":\"https:\/\/dp-consulting.com.vn\/\",\"logo\":{\"@type\":\"ImageObject\",\"inLanguage\":\"vi\",\"@id\":\"https:\/\/dp-consulting.com.vn\/#\/schema\/logo\/image\/\",\"url\":\"https:\/\/dp-consulting.com.vn\/wp-content\/uploads\/2022\/09\/logo-dp-cover-social.jpg\",\"contentUrl\":\"https:\/\/dp-consulting.com.vn\/wp-content\/uploads\/2022\/09\/logo-dp-cover-social.jpg\",\"width\":800,\"height\":420,\"caption\":\"DP-Consulting JSC\"},\"image\":{\"@id\":\"https:\/\/dp-consulting.com.vn\/#\/schema\/logo\/image\/\"}}]}<\/script>\n<!-- \/ Yoast SEO plugin. -->","yoast_head_json":{"title":"Reintjes - DP-Consulting JSC","robots":{"index":"index","follow":"follow","max-snippet":"max-snippet:-1","max-image-preview":"max-image-preview:large","max-video-preview":"max-video-preview:-1"},"canonical":"https:\/\/dp-consulting.com.vn\/vi\/reintjes\/","og_locale":"vi_VN","og_type":"article","og_title":"Reintjes - DP-Consulting JSC","og_description":"QUALITY MADE IN GERMANY Since 1929, REINTJES has been manufacturing marine gearboxes, today also complete drive systems, hybrid solutions, and industrial gearboxes. Each REINTJES product is manufactured with the utmost care and precision and there is not a single gearbox that leaves our production department without having been tested on the REINTJES in-house test bench","og_url":"https:\/\/dp-consulting.com.vn\/vi\/reintjes\/","og_site_name":"DP-Consulting JSC","article_modified_time":"2024-11-02T07:13:47+00:00","og_image":[{"url":"https:\/\/dp-consulting.com.vn\/wp-content\/uploads\/2024\/10\/Reintjes-logo.png","type":"","width":"","height":""}],"twitter_card":"summary_large_image","twitter_misc":{"\u01af\u1edbc t\u00ednh th\u1eddi gian \u0111\u1ecdc":"1 ph\u00fat"},"schema":{"@context":"https:\/\/schema.org","@graph":[{"@type":"WebPage","@id":"https:\/\/dp-consulting.com.vn\/reintjes\/","url":"https:\/\/dp-consulting.com.vn\/reintjes\/","name":"Reintjes - DP-Consulting JSC","isPartOf":{"@id":"https:\/\/dp-consulting.com.vn\/#website"},"primaryImageOfPage":{"@id":"https:\/\/dp-consulting.com.vn\/reintjes\/#primaryimage"},"image":{"@id":"https:\/\/dp-consulting.com.vn\/reintjes\/#primaryimage"},"thumbnailUrl":"https:\/\/dp-consulting.com.vn\/wp-content\/uploads\/2024\/10\/Reintjes-logo.png","datePublished":"2024-10-25T09:49:32+00:00","dateModified":"2024-11-02T07:13:47+00:00","breadcrumb":{"@id":"https:\/\/dp-consulting.com.vn\/reintjes\/#breadcrumb"},"inLanguage":"vi","potentialAction":[{"@type":"ReadAction","target":["https:\/\/dp-consulting.com.vn\/reintjes\/"]}]},{"@type":"ImageObject","inLanguage":"vi","@id":"https:\/\/dp-consulting.com.vn\/reintjes\/#primaryimage","url":"https:\/\/dp-consulting.com.vn\/wp-content\/uploads\/2024\/10\/Reintjes-logo.png","contentUrl":"https:\/\/dp-consulting.com.vn\/wp-content\/uploads\/2024\/10\/Reintjes-logo.png"},{"@type":"BreadcrumbList","@id":"https:\/\/dp-consulting.com.vn\/reintjes\/#breadcrumb","itemListElement":[{"@type":"ListItem","position":1,"name":"Home","item":"https:\/\/dp-consulting.com.vn\/"},{"@type":"ListItem","position":2,"name":"Reintjes"}]},{"@type":"WebSite","@id":"https:\/\/dp-consulting.com.vn\/#website","url":"https:\/\/dp-consulting.com.vn\/","name":"DP-Consulting JSC","description":"Much more than you expect","publisher":{"@id":"https:\/\/dp-consulting.com.vn\/#organization"},"potentialAction":[{"@type":"SearchAction","target":{"@type":"EntryPoint","urlTemplate":"https:\/\/dp-consulting.com.vn\/?s={search_term_string}"},"query-input":{"@type":"PropertyValueSpecification","valueRequired":true,"valueName":"search_term_string"}}],"inLanguage":"vi"},{"@type":"Organization","@id":"https:\/\/dp-consulting.com.vn\/#organization","name":"DP-Consulting JSC","url":"https:\/\/dp-consulting.com.vn\/","logo":{"@type":"ImageObject","inLanguage":"vi","@id":"https:\/\/dp-consulting.com.vn\/#\/schema\/logo\/image\/","url":"https:\/\/dp-consulting.com.vn\/wp-content\/uploads\/2022\/09\/logo-dp-cover-social.jpg","contentUrl":"https:\/\/dp-consulting.com.vn\/wp-content\/uploads\/2022\/09\/logo-dp-cover-social.jpg","width":800,"height":420,"caption":"DP-Consulting JSC"},"image":{"@id":"https:\/\/dp-consulting.com.vn\/#\/schema\/logo\/image\/"}}]}},"_links":{"self":[{"href":"https:\/\/dp-consulting.com.vn\/vi\/wp-json\/wp\/v2\/pages\/3334","targetHints":{"allow":["GET"]}}],"collection":[{"href":"https:\/\/dp-consulting.com.vn\/vi\/wp-json\/wp\/v2\/pages"}],"about":[{"href":"https:\/\/dp-consulting.com.vn\/vi\/wp-json\/wp\/v2\/types\/page"}],"author":[{"embeddable":true,"href":"https:\/\/dp-consulting.com.vn\/vi\/wp-json\/wp\/v2\/users\/5"}],"replies":[{"embeddable":true,"href":"https:\/\/dp-consulting.com.vn\/vi\/wp-json\/wp\/v2\/comments?post=3334"}],"version-history":[{"count":7,"href":"https:\/\/dp-consulting.com.vn\/vi\/wp-json\/wp\/v2\/pages\/3334\/revisions"}],"predecessor-version":[{"id":3413,"href":"https:\/\/dp-consulting.com.vn\/vi\/wp-json\/wp\/v2\/pages\/3334\/revisions\/3413"}],"wp:attachment":[{"href":"https:\/\/dp-consulting.com.vn\/vi\/wp-json\/wp\/v2\/media?parent=3334"}],"curies":[{"name":"wp","href":"https:\/\/api.w.org\/{rel}","templated":true}]}}