{"id":3332,"date":"2024-10-25T09:48:55","date_gmt":"2024-10-25T09:48:55","guid":{"rendered":"https:\/\/dp-consulting.com.vn\/?page_id=3332"},"modified":"2024-11-02T07:29:42","modified_gmt":"2024-11-02T07:29:42","slug":"kirloskar-oil-engines","status":"publish","type":"page","link":"https:\/\/dp-consulting.com.vn\/vi\/kirloskar-oil-engines\/","title":{"rendered":"Kirloskar Oil Engines"},"content":{"rendered":"<figure class=\"wp-block-image size-full\"><img loading=\"lazy\" decoding=\"async\" width=\"1132\" height=\"869\" src=\"https:\/\/dp-consulting.com.vn\/wp-content\/uploads\/2024\/11\/screenshot_1730531843.png\" alt=\"\" class=\"wp-image-3414\" srcset=\"https:\/\/dp-consulting.com.vn\/wp-content\/uploads\/2024\/11\/screenshot_1730531843.png 1132w, https:\/\/dp-consulting.com.vn\/wp-content\/uploads\/2024\/11\/screenshot_1730531843-768x590.png 768w, https:\/\/dp-consulting.com.vn\/wp-content\/uploads\/2024\/11\/screenshot_1730531843-16x12.png 16w\" sizes=\"auto, (max-width: 1132px) 100vw, 1132px\" \/><\/figure>\n\n\n\n<p>Trong kho\u1ea3ng th\u1eddi gian h\u01a1n 135 n\u0103m, t\u1eadp \u0111o\u00e0n Kirloskar l\u00e0 m\u1ed9t trong nh\u1eefng t\u1eadp \u0111o\u00e0n c\u00f4ng nghi\u1ec7p s\u1edbm\nnh\u1ea5t trong ng\u00e0nh s\u1ea3n xu\u1ea5t c\u00f4ng nghi\u1ec7p \u1edf \u1ea4n \u0110\u1ed9.<\/p>\n\n\n\n<p>S\u1ef1 hi\u1ec3u bi\u1ebft s\u00e2u s\u1eafc c\u1ee7a ch\u00fang t\u00f4i v\u1ec1 \u0111\u1ed9ng l\u1ef1c c\u1ee7a\nc\u00f4ng nghi\u1ec7p h\u00f3a v\u00e0 y\u00eau c\u1ea7u th\u1ecb tr\u01b0\u1eddng \u0111\u00e3 h\u1ed7 tr\u1ee3\nr\u1ea5t nhi\u1ec1u trong vi\u1ec7c m\u1edf r\u1ed9ng ph\u1ea1m vi to\u00e0n c\u1ea7u c\u1ee7a\nch\u00fang t\u00f4i t\u1edbi h\u01a1n 70 qu\u1ed1c gia.<\/p>\n\n\n\n<p>T\u1eadp \u0111o\u00e0n s\u1ea3n xu\u1ea5t m\u00e1y b\u01a1m ly t\u00e2m, \u0111\u1ed9ng c\u01a1, m\u00e1y\nn\u00e9n, m\u00e1y l\u00e0m l\u1ea1nh tr\u1ee5c v\u00edt v\u00e0 ly t\u00e2m, m\u00e1y ti\u1ec7n v\u00e0\nc\u00e1c thi\u1ebft b\u1ecb \u0111i\u1ec7n nh\u01b0 \u0111\u1ed9ng c\u01a1 \u0111i\u1ec7n, m\u00e1y bi\u1ebfn th\u1ebf\nv\u00e0 m\u00e1y ph\u00e1t \u0111i\u1ec7n.<\/p>\n\n\n\n<div class=\"row\">\n   <div class=\"col-lg-6 col-12\">\n      <div class=\"content-custom content-custom-2\">\n          <img decoding=\"async\" src=\"https:\/\/dp-consulting.com.vn\/wp-content\/uploads\/2024\/11\/screenshot_1730531982.png\" alt=\"\"\/>\n          <h3 class=\"text-center\">T\u1ed5 m\u00e1y ph\u00e1t \u0111i\u1ec7n Diesel (16 - 1111 kVA)<\/h3>\n      <\/div>\n   <\/div>\n\n   <div class=\"col-lg-6 col-12\">\n      <div class=\"content-custom content-custom-2\">\n          <img decoding=\"async\" src=\"https:\/\/dp-consulting.com.vn\/wp-content\/uploads\/2024\/11\/screenshot_1730531997.png\" alt=\"\"\/>\n          <h3 class=\"text-center\">\u0110\u1ed9ng c\u01a1 b\u01a1m diesel cho h\u1ec7 th\u1ed1ng\nPh\u00f2ng ch\u00e1y ch\u1eefa ch\u00e1y<\/h3>\n      <\/div>\n   <\/div>\n\n   <div class=\"col-lg-6 col-12\">\n      <div class=\"content-custom content-custom-2\">\n          <img decoding=\"async\" src=\"https:\/\/dp-consulting.com.vn\/wp-content\/uploads\/2024\/11\/screenshot_1730532009.png\" alt=\"\"\/>\n          <h3 class=\"text-center\">H\u1ec7 th\u1ed1ng Chiller (11 - 2400 TR)<\/h3>\n      <\/div>\n   <\/div>\n\n   <div class=\"col-lg-6 col-12\">\n      <div class=\"content-custom content-custom-2\">\n          <img decoding=\"async\" src=\"https:\/\/dp-consulting.com.vn\/wp-content\/uploads\/2024\/11\/screenshot_1730532022.png\" alt=\"\"\/>\n          <h3 class=\"text-center\">H\u1ec7 th\u1ed1ng cung c\u1ea5p kh\u00ed n\u00e9n<\/h3>\n      <\/div>\n   <\/div>\n\n   <div class=\"col-lg-6 col-12\">\n      <div class=\"content-custom content-custom-2\">\n          <img decoding=\"async\" src=\"https:\/\/dp-consulting.com.vn\/wp-content\/uploads\/2024\/11\/screenshot_1730532031.png\" alt=\"\"\/>\n          <h3 class=\"text-center\">\u0110\u1ed9ng c\u01a1 c\u00f4ng nghi\u1ec7p<\/h3>\n      <\/div>\n   <\/div>\n\n   <div class=\"col-lg-6 col-12\">\n      <div class=\"content-custom content-custom-2\">\n          <img decoding=\"async\" src=\"https:\/\/dp-consulting.com.vn\/wp-content\/uploads\/2024\/11\/screenshot_1730532043.png\" alt=\"\"\/>\n          <h3 class=\"text-center\">Ph\u1ee5 t\u00f9ng ch\u00ednh h\u00e3ng<\/h3>\n      <\/div>\n   <\/div>\n<\/div>","protected":false},"excerpt":{"rendered":"<p>For a period of over 135 years, the Kirloskar group of companies was one of the earliest industrial groups in the engineering industry in India. Our in-depth understanding of the dynamics of industrialization and market requirements have greatly aided in expanding our global reach to over 70 countries. The group produces centrifugal pumps, engines, compressors, [&hellip;]<\/p>","protected":false},"author":5,"featured_media":0,"parent":0,"menu_order":0,"comment_status":"closed","ping_status":"closed","template":"customer.php","meta":{"footnotes":""},"class_list":["post-3332","page","type-page","status-publish","hentry"],"acf":[],"yoast_head":"<!-- This site is optimized with the Yoast SEO plugin v24.2 - https:\/\/yoast.com\/wordpress\/plugins\/seo\/ -->\n<title>Kirloskar Oil Engines - DP-Consulting JSC<\/title>\n<meta name=\"robots\" content=\"index, follow, max-snippet:-1, max-image-preview:large, max-video-preview:-1\" \/>\n<link rel=\"canonical\" href=\"https:\/\/dp-consulting.com.vn\/vi\/kirloskar-oil-engines\/\" \/>\n<meta property=\"og:locale\" content=\"vi_VN\" \/>\n<meta property=\"og:type\" content=\"article\" \/>\n<meta property=\"og:title\" content=\"Kirloskar Oil Engines - DP-Consulting JSC\" \/>\n<meta property=\"og:description\" content=\"For a period of over 135 years, the Kirloskar group of companies was one of the earliest industrial groups in the engineering industry in India. Our in-depth understanding of the dynamics of industrialization and market requirements have greatly aided in expanding our global reach to over 70 countries. The group produces centrifugal pumps, engines, compressors, [&hellip;]\" \/>\n<meta property=\"og:url\" content=\"https:\/\/dp-consulting.com.vn\/vi\/kirloskar-oil-engines\/\" \/>\n<meta property=\"og:site_name\" content=\"DP-Consulting JSC\" \/>\n<meta property=\"article:modified_time\" content=\"2024-11-02T07:29:42+00:00\" \/>\n<meta property=\"og:image\" content=\"https:\/\/dp-consulting.com.vn\/wp-content\/uploads\/2024\/11\/screenshot_1730531843.png\" \/>\n\t<meta property=\"og:image:width\" content=\"1132\" \/>\n\t<meta property=\"og:image:height\" content=\"869\" \/>\n\t<meta property=\"og:image:type\" content=\"image\/png\" \/>\n<meta name=\"twitter:card\" content=\"summary_large_image\" \/>\n<meta name=\"twitter:label1\" content=\"\u01af\u1edbc t\u00ednh th\u1eddi gian \u0111\u1ecdc\" \/>\n\t<meta name=\"twitter:data1\" content=\"2 ph\u00fat\" \/>\n<script type=\"application\/ld+json\" class=\"yoast-schema-graph\">{\"@context\":\"https:\/\/schema.org\",\"@graph\":[{\"@type\":\"WebPage\",\"@id\":\"https:\/\/dp-consulting.com.vn\/kirloskar-oil-engines\/\",\"url\":\"https:\/\/dp-consulting.com.vn\/kirloskar-oil-engines\/\",\"name\":\"Kirloskar Oil Engines - DP-Consulting JSC\",\"isPartOf\":{\"@id\":\"https:\/\/dp-consulting.com.vn\/#website\"},\"primaryImageOfPage\":{\"@id\":\"https:\/\/dp-consulting.com.vn\/kirloskar-oil-engines\/#primaryimage\"},\"image\":{\"@id\":\"https:\/\/dp-consulting.com.vn\/kirloskar-oil-engines\/#primaryimage\"},\"thumbnailUrl\":\"https:\/\/dp-consulting.com.vn\/wp-content\/uploads\/2024\/11\/screenshot_1730531843.png\",\"datePublished\":\"2024-10-25T09:48:55+00:00\",\"dateModified\":\"2024-11-02T07:29:42+00:00\",\"breadcrumb\":{\"@id\":\"https:\/\/dp-consulting.com.vn\/kirloskar-oil-engines\/#breadcrumb\"},\"inLanguage\":\"vi\",\"potentialAction\":[{\"@type\":\"ReadAction\",\"target\":[\"https:\/\/dp-consulting.com.vn\/kirloskar-oil-engines\/\"]}]},{\"@type\":\"ImageObject\",\"inLanguage\":\"vi\",\"@id\":\"https:\/\/dp-consulting.com.vn\/kirloskar-oil-engines\/#primaryimage\",\"url\":\"https:\/\/dp-consulting.com.vn\/wp-content\/uploads\/2024\/11\/screenshot_1730531843.png\",\"contentUrl\":\"https:\/\/dp-consulting.com.vn\/wp-content\/uploads\/2024\/11\/screenshot_1730531843.png\"},{\"@type\":\"BreadcrumbList\",\"@id\":\"https:\/\/dp-consulting.com.vn\/kirloskar-oil-engines\/#breadcrumb\",\"itemListElement\":[{\"@type\":\"ListItem\",\"position\":1,\"name\":\"Home\",\"item\":\"https:\/\/dp-consulting.com.vn\/\"},{\"@type\":\"ListItem\",\"position\":2,\"name\":\"Kirloskar Oil Engines\"}]},{\"@type\":\"WebSite\",\"@id\":\"https:\/\/dp-consulting.com.vn\/#website\",\"url\":\"https:\/\/dp-consulting.com.vn\/\",\"name\":\"DP-Consulting JSC\",\"description\":\"Much more than you expect\",\"publisher\":{\"@id\":\"https:\/\/dp-consulting.com.vn\/#organization\"},\"potentialAction\":[{\"@type\":\"SearchAction\",\"target\":{\"@type\":\"EntryPoint\",\"urlTemplate\":\"https:\/\/dp-consulting.com.vn\/?s={search_term_string}\"},\"query-input\":{\"@type\":\"PropertyValueSpecification\",\"valueRequired\":true,\"valueName\":\"search_term_string\"}}],\"inLanguage\":\"vi\"},{\"@type\":\"Organization\",\"@id\":\"https:\/\/dp-consulting.com.vn\/#organization\",\"name\":\"DP-Consulting JSC\",\"url\":\"https:\/\/dp-consulting.com.vn\/\",\"logo\":{\"@type\":\"ImageObject\",\"inLanguage\":\"vi\",\"@id\":\"https:\/\/dp-consulting.com.vn\/#\/schema\/logo\/image\/\",\"url\":\"https:\/\/dp-consulting.com.vn\/wp-content\/uploads\/2022\/09\/logo-dp-cover-social.jpg\",\"contentUrl\":\"https:\/\/dp-consulting.com.vn\/wp-content\/uploads\/2022\/09\/logo-dp-cover-social.jpg\",\"width\":800,\"height\":420,\"caption\":\"DP-Consulting JSC\"},\"image\":{\"@id\":\"https:\/\/dp-consulting.com.vn\/#\/schema\/logo\/image\/\"}}]}<\/script>\n<!-- \/ Yoast SEO plugin. -->","yoast_head_json":{"title":"Kirloskar Oil Engines - DP-Consulting JSC","robots":{"index":"index","follow":"follow","max-snippet":"max-snippet:-1","max-image-preview":"max-image-preview:large","max-video-preview":"max-video-preview:-1"},"canonical":"https:\/\/dp-consulting.com.vn\/vi\/kirloskar-oil-engines\/","og_locale":"vi_VN","og_type":"article","og_title":"Kirloskar Oil Engines - DP-Consulting JSC","og_description":"For a period of over 135 years, the Kirloskar group of companies was one of the earliest industrial groups in the engineering industry in India. Our in-depth understanding of the dynamics of industrialization and market requirements have greatly aided in expanding our global reach to over 70 countries. The group produces centrifugal pumps, engines, compressors, [&hellip;]","og_url":"https:\/\/dp-consulting.com.vn\/vi\/kirloskar-oil-engines\/","og_site_name":"DP-Consulting JSC","article_modified_time":"2024-11-02T07:29:42+00:00","og_image":[{"width":1132,"height":869,"url":"https:\/\/dp-consulting.com.vn\/wp-content\/uploads\/2024\/11\/screenshot_1730531843.png","type":"image\/png"}],"twitter_card":"summary_large_image","twitter_misc":{"\u01af\u1edbc t\u00ednh th\u1eddi gian \u0111\u1ecdc":"2 ph\u00fat"},"schema":{"@context":"https:\/\/schema.org","@graph":[{"@type":"WebPage","@id":"https:\/\/dp-consulting.com.vn\/kirloskar-oil-engines\/","url":"https:\/\/dp-consulting.com.vn\/kirloskar-oil-engines\/","name":"Kirloskar Oil Engines - DP-Consulting JSC","isPartOf":{"@id":"https:\/\/dp-consulting.com.vn\/#website"},"primaryImageOfPage":{"@id":"https:\/\/dp-consulting.com.vn\/kirloskar-oil-engines\/#primaryimage"},"image":{"@id":"https:\/\/dp-consulting.com.vn\/kirloskar-oil-engines\/#primaryimage"},"thumbnailUrl":"https:\/\/dp-consulting.com.vn\/wp-content\/uploads\/2024\/11\/screenshot_1730531843.png","datePublished":"2024-10-25T09:48:55+00:00","dateModified":"2024-11-02T07:29:42+00:00","breadcrumb":{"@id":"https:\/\/dp-consulting.com.vn\/kirloskar-oil-engines\/#breadcrumb"},"inLanguage":"vi","potentialAction":[{"@type":"ReadAction","target":["https:\/\/dp-consulting.com.vn\/kirloskar-oil-engines\/"]}]},{"@type":"ImageObject","inLanguage":"vi","@id":"https:\/\/dp-consulting.com.vn\/kirloskar-oil-engines\/#primaryimage","url":"https:\/\/dp-consulting.com.vn\/wp-content\/uploads\/2024\/11\/screenshot_1730531843.png","contentUrl":"https:\/\/dp-consulting.com.vn\/wp-content\/uploads\/2024\/11\/screenshot_1730531843.png"},{"@type":"BreadcrumbList","@id":"https:\/\/dp-consulting.com.vn\/kirloskar-oil-engines\/#breadcrumb","itemListElement":[{"@type":"ListItem","position":1,"name":"Home","item":"https:\/\/dp-consulting.com.vn\/"},{"@type":"ListItem","position":2,"name":"Kirloskar Oil Engines"}]},{"@type":"WebSite","@id":"https:\/\/dp-consulting.com.vn\/#website","url":"https:\/\/dp-consulting.com.vn\/","name":"DP-Consulting JSC","description":"Much more than you expect","publisher":{"@id":"https:\/\/dp-consulting.com.vn\/#organization"},"potentialAction":[{"@type":"SearchAction","target":{"@type":"EntryPoint","urlTemplate":"https:\/\/dp-consulting.com.vn\/?s={search_term_string}"},"query-input":{"@type":"PropertyValueSpecification","valueRequired":true,"valueName":"search_term_string"}}],"inLanguage":"vi"},{"@type":"Organization","@id":"https:\/\/dp-consulting.com.vn\/#organization","name":"DP-Consulting JSC","url":"https:\/\/dp-consulting.com.vn\/","logo":{"@type":"ImageObject","inLanguage":"vi","@id":"https:\/\/dp-consulting.com.vn\/#\/schema\/logo\/image\/","url":"https:\/\/dp-consulting.com.vn\/wp-content\/uploads\/2022\/09\/logo-dp-cover-social.jpg","contentUrl":"https:\/\/dp-consulting.com.vn\/wp-content\/uploads\/2022\/09\/logo-dp-cover-social.jpg","width":800,"height":420,"caption":"DP-Consulting JSC"},"image":{"@id":"https:\/\/dp-consulting.com.vn\/#\/schema\/logo\/image\/"}}]}},"_links":{"self":[{"href":"https:\/\/dp-consulting.com.vn\/vi\/wp-json\/wp\/v2\/pages\/3332","targetHints":{"allow":["GET"]}}],"collection":[{"href":"https:\/\/dp-consulting.com.vn\/vi\/wp-json\/wp\/v2\/pages"}],"about":[{"href":"https:\/\/dp-consulting.com.vn\/vi\/wp-json\/wp\/v2\/types\/page"}],"author":[{"embeddable":true,"href":"https:\/\/dp-consulting.com.vn\/vi\/wp-json\/wp\/v2\/users\/5"}],"replies":[{"embeddable":true,"href":"https:\/\/dp-consulting.com.vn\/vi\/wp-json\/wp\/v2\/comments?post=3332"}],"version-history":[{"count":4,"href":"https:\/\/dp-consulting.com.vn\/vi\/wp-json\/wp\/v2\/pages\/3332\/revisions"}],"predecessor-version":[{"id":3423,"href":"https:\/\/dp-consulting.com.vn\/vi\/wp-json\/wp\/v2\/pages\/3332\/revisions\/3423"}],"wp:attachment":[{"href":"https:\/\/dp-consulting.com.vn\/vi\/wp-json\/wp\/v2\/media?parent=3332"}],"curies":[{"name":"wp","href":"https:\/\/api.w.org\/{rel}","templated":true}]}}